{"id":925,"date":"2020-06-05T08:50:48","date_gmt":"2020-06-05T08:50:48","guid":{"rendered":"http:\/\/www.assambus-bf.org\/?page_id=925"},"modified":"2020-06-06T10:53:13","modified_gmt":"2020-06-06T10:53:13","slug":"photos","status":"publish","type":"page","link":"https:\/\/www.assambus-bf.org\/?page_id=925","title":{"rendered":"Photos"},"content":{"rendered":"<div id=\"fb-root\"><\/div>\n\n<p style=\"color:#efb93f\" class=\"has-text-color\">Photos<\/p>\n\n\n<p>&nbsp;<\/p>\n\n\n\n<div style=\"width: 70; height: 1530px; overflow: scroll;\">\n\n\n\n<div class=\"wp-block-media-text alignwide\" style=\"grid-template-columns:68% auto\"><figure class=\"wp-block-media-text__media\"><img loading=\"lazy\" decoding=\"async\" width=\"960\" height=\"720\" src=\"http:\/\/www.assambus-bf.org\/wp-content\/uploads\/2020\/06\/photo_famille_AG.jpg\" alt=\"\" class=\"wp-image-854\" srcset=\"https:\/\/www.assambus-bf.org\/wp-content\/uploads\/2020\/06\/photo_famille_AG.jpg 960w, https:\/\/www.assambus-bf.org\/wp-content\/uploads\/2020\/06\/photo_famille_AG-300x225.jpg 300w, https:\/\/www.assambus-bf.org\/wp-content\/uploads\/2020\/06\/photo_famille_AG-768x576.jpg 768w\" sizes=\"auto, (max-width: 960px) 100vw, 960px\" \/><\/figure><div class=\"wp-block-media-text__content\">\n<p class=\"has-normal-font-size\">La photo de famille des membres de l&#8217;<strong>ASSAMBUS<\/strong> \u00e0 l&#8217;issue de la derni\u00e8re Assembl\u00e9e G\u00e9n\u00e9rale tenue le samedi 22 F\u00e9vrier 2020 chez Madame la Charg\u00e9e d&#8217;affaires, Mia RIMBY.<\/p>\n<\/div><\/div>\n\n\n\n<div class=\"wp-block-media-text alignwide has-media-on-the-right\" style=\"grid-template-columns:auto 68%\"><figure class=\"wp-block-media-text__media\"><img loading=\"lazy\" decoding=\"async\" width=\"960\" height=\"720\" src=\"http:\/\/www.assambus-bf.org\/wp-content\/uploads\/2020\/06\/femmes_assambus.jpg\" alt=\"\" class=\"wp-image-863\" srcset=\"https:\/\/www.assambus-bf.org\/wp-content\/uploads\/2020\/06\/femmes_assambus.jpg 960w, https:\/\/www.assambus-bf.org\/wp-content\/uploads\/2020\/06\/femmes_assambus-300x225.jpg 300w, https:\/\/www.assambus-bf.org\/wp-content\/uploads\/2020\/06\/femmes_assambus-768x576.jpg 768w\" sizes=\"auto, (max-width: 960px) 100vw, 960px\" \/><\/figure><div class=\"wp-block-media-text__content\">\n<p class=\"has-normal-font-size\">Les femmes <strong>ASSAMBUS<\/strong><\/p>\n<\/div><\/div>\n\n\n\n<div class=\"wp-block-media-text alignwide\" style=\"grid-template-columns:75% auto\"><figure class=\"wp-block-media-text__media\"><img loading=\"lazy\" decoding=\"async\" width=\"1000\" height=\"549\" src=\"http:\/\/www.assambus-bf.org\/wp-content\/uploads\/2020\/05\/20200120_131858-Copie.jpg\" alt=\"\" class=\"wp-image-429\" srcset=\"https:\/\/www.assambus-bf.org\/wp-content\/uploads\/2020\/05\/20200120_131858-Copie.jpg 1000w, https:\/\/www.assambus-bf.org\/wp-content\/uploads\/2020\/05\/20200120_131858-Copie-300x165.jpg 300w, https:\/\/www.assambus-bf.org\/wp-content\/uploads\/2020\/05\/20200120_131858-Copie-768x422.jpg 768w, https:\/\/www.assambus-bf.org\/wp-content\/uploads\/2020\/05\/20200120_131858-Copie-600x330.jpg 600w\" sizes=\"auto, (max-width: 1000px) 100vw, 1000px\" \/><\/figure><div class=\"wp-block-media-text__content\">\n<p class=\"has-normal-font-size\">Don de lait au nouveaux n\u00e9s du village de Ladiou dans la province du Sangui\u00e9 le 18 Janvier 2020.<\/p>\n<\/div><\/div>\n\n\n\n<div class=\"wp-block-media-text alignwide has-media-on-the-right\" style=\"grid-template-columns:auto 73%\"><figure class=\"wp-block-media-text__media\"><img loading=\"lazy\" decoding=\"async\" width=\"1024\" height=\"768\" src=\"http:\/\/www.assambus-bf.org\/wp-content\/uploads\/2020\/06\/IMG-20191205-WA0036-1024x768.jpg\" alt=\"\" class=\"wp-image-869\" srcset=\"https:\/\/www.assambus-bf.org\/wp-content\/uploads\/2020\/06\/IMG-20191205-WA0036-1024x768.jpg 1024w, https:\/\/www.assambus-bf.org\/wp-content\/uploads\/2020\/06\/IMG-20191205-WA0036-300x225.jpg 300w, https:\/\/www.assambus-bf.org\/wp-content\/uploads\/2020\/06\/IMG-20191205-WA0036-768x576.jpg 768w, https:\/\/www.assambus-bf.org\/wp-content\/uploads\/2020\/06\/IMG-20191205-WA0036.jpg 1040w\" sizes=\"auto, (max-width: 1024px) 100vw, 1024px\" \/><\/figure><div class=\"wp-block-media-text__content\">\n<p class=\"has-normal-font-size\">Rencontre avec Birgitta le 5 d\u00e9cembre 2019<\/p>\n<\/div><\/div>\n\n\n\n<div class=\"wp-block-media-text alignwide\" style=\"grid-template-columns:69% auto\"><figure class=\"wp-block-media-text__media\"><img loading=\"lazy\" decoding=\"async\" width=\"1024\" height=\"768\" src=\"http:\/\/www.assambus-bf.org\/wp-content\/uploads\/2020\/06\/IMG-20191203-WA0034-1024x768.jpg\" alt=\"\" class=\"wp-image-872\" srcset=\"https:\/\/www.assambus-bf.org\/wp-content\/uploads\/2020\/06\/IMG-20191203-WA0034-1024x768.jpg 1024w, https:\/\/www.assambus-bf.org\/wp-content\/uploads\/2020\/06\/IMG-20191203-WA0034-300x225.jpg 300w, https:\/\/www.assambus-bf.org\/wp-content\/uploads\/2020\/06\/IMG-20191203-WA0034-768x576.jpg 768w, https:\/\/www.assambus-bf.org\/wp-content\/uploads\/2020\/06\/IMG-20191203-WA0034.jpg 1040w\" sizes=\"auto, (max-width: 1024px) 100vw, 1024px\" \/><\/figure><div class=\"wp-block-media-text__content\">\n<p class=\"has-normal-font-size\">R\u00e9union avec Mme la Charg\u00e9e d&#8217;affaires le 3 d\u00e9cembre 2019<\/p>\n<\/div><\/div>\n\n\n\n<div class=\"wp-block-media-text alignwide has-media-on-the-right\" style=\"grid-template-columns:auto 74%\"><figure class=\"wp-block-media-text__media\"><img loading=\"lazy\" decoding=\"async\" width=\"1024\" height=\"551\" src=\"http:\/\/www.assambus-bf.org\/wp-content\/uploads\/2020\/06\/2A-1024x551.jpg\" alt=\"\" class=\"wp-image-875\" srcset=\"https:\/\/www.assambus-bf.org\/wp-content\/uploads\/2020\/06\/2A-1024x551.jpg 1024w, https:\/\/www.assambus-bf.org\/wp-content\/uploads\/2020\/06\/2A-300x161.jpg 300w, https:\/\/www.assambus-bf.org\/wp-content\/uploads\/2020\/06\/2A-768x413.jpg 768w, https:\/\/www.assambus-bf.org\/wp-content\/uploads\/2020\/06\/2A.jpg 1080w\" sizes=\"auto, (max-width: 1024px) 100vw, 1024px\" \/><\/figure><div class=\"wp-block-media-text__content\">\n<p class=\"has-normal-font-size\">Audience avec M. le Ministre des Affaires \u00c9trang\u00e8res et de la Coop\u00e9ration le 28 novembre 2019<\/p>\n<\/div><\/div>\n\n\n\n<div class=\"wp-block-media-text alignwide\" style=\"grid-template-columns:74% auto\"><figure class=\"wp-block-media-text__media\"><img loading=\"lazy\" decoding=\"async\" width=\"712\" height=\"475\" src=\"http:\/\/www.assambus-bf.org\/wp-content\/uploads\/2020\/06\/5.jpg\" alt=\"\" class=\"wp-image-878\" srcset=\"https:\/\/www.assambus-bf.org\/wp-content\/uploads\/2020\/06\/5.jpg 712w, https:\/\/www.assambus-bf.org\/wp-content\/uploads\/2020\/06\/5-300x200.jpg 300w\" sizes=\"auto, (max-width: 712px) 100vw, 712px\" \/><\/figure><div class=\"wp-block-media-text__content\">\n<p class=\"has-normal-font-size\">Faisons un geste: remise de somme d&#8217;argent au profit des personnes d\u00e9plac\u00e9es du Burkina Faso du fait du terrorisme le 8 aout 2019<\/p>\n<\/div><\/div>\n\n\n\n<div class=\"wp-block-media-text alignwide has-media-on-the-right\" style=\"grid-template-columns:auto 71%\"><figure class=\"wp-block-media-text__media\"><img loading=\"lazy\" decoding=\"async\" width=\"1024\" height=\"684\" src=\"http:\/\/www.assambus-bf.org\/wp-content\/uploads\/2020\/06\/IMG-20190716-WA0018-1024x684.jpg\" alt=\"\" class=\"wp-image-881\" srcset=\"https:\/\/www.assambus-bf.org\/wp-content\/uploads\/2020\/06\/IMG-20190716-WA0018-1024x684.jpg 1024w, https:\/\/www.assambus-bf.org\/wp-content\/uploads\/2020\/06\/IMG-20190716-WA0018-300x200.jpg 300w, https:\/\/www.assambus-bf.org\/wp-content\/uploads\/2020\/06\/IMG-20190716-WA0018-768x513.jpg 768w, https:\/\/www.assambus-bf.org\/wp-content\/uploads\/2020\/06\/IMG-20190716-WA0018.jpg 1060w\" sizes=\"auto, (max-width: 1024px) 100vw, 1024px\" \/><\/figure><div class=\"wp-block-media-text__content\">\n<p class=\"has-normal-font-size\">Audience avec le Secr\u00e9taire G\u00e9n\u00e9ral du gouvernement le 16 Juillet 2019<\/p>\n<\/div><\/div>\n\n\n\n<div class=\"wp-block-media-text alignwide\" style=\"grid-template-columns:68% auto\"><figure class=\"wp-block-media-text__media\"><img loading=\"lazy\" decoding=\"async\" width=\"1024\" height=\"768\" src=\"http:\/\/www.assambus-bf.org\/wp-content\/uploads\/2020\/06\/famille-1024x768.jpg\" alt=\"\" class=\"wp-image-884\" srcset=\"https:\/\/www.assambus-bf.org\/wp-content\/uploads\/2020\/06\/famille-1024x768.jpg 1024w, https:\/\/www.assambus-bf.org\/wp-content\/uploads\/2020\/06\/famille-300x225.jpg 300w, https:\/\/www.assambus-bf.org\/wp-content\/uploads\/2020\/06\/famille-768x576.jpg 768w, https:\/\/www.assambus-bf.org\/wp-content\/uploads\/2020\/06\/famille.jpg 1386w\" sizes=\"auto, (max-width: 1024px) 100vw, 1024px\" \/><\/figure><div class=\"wp-block-media-text__content\">\n<p class=\"has-normal-font-size\">Exposition chez SEYDONI le 21 Mars 2019<\/p>\n<\/div><\/div>\n\n\n\n<div class=\"wp-block-media-text alignwide has-media-on-the-right\" style=\"grid-template-columns:auto 71%\"><figure class=\"wp-block-media-text__media\"><img loading=\"lazy\" decoding=\"async\" width=\"960\" height=\"720\" src=\"http:\/\/www.assambus-bf.org\/wp-content\/uploads\/2020\/06\/MARDI-29-JANV-19.jpg\" alt=\"\" class=\"wp-image-888\" srcset=\"https:\/\/www.assambus-bf.org\/wp-content\/uploads\/2020\/06\/MARDI-29-JANV-19.jpg 960w, https:\/\/www.assambus-bf.org\/wp-content\/uploads\/2020\/06\/MARDI-29-JANV-19-300x225.jpg 300w, https:\/\/www.assambus-bf.org\/wp-content\/uploads\/2020\/06\/MARDI-29-JANV-19-768x576.jpg 768w\" sizes=\"auto, (max-width: 960px) 100vw, 960px\" \/><\/figure><div class=\"wp-block-media-text__content\">\n<p class=\"has-normal-font-size\">Prise de contact avec Mme la Charg\u00e9e d&#8217;affaires le 29 Janvier 2019<\/p>\n<\/div><\/div>\n\n\n\n<div class=\"wp-block-media-text alignwide\" style=\"grid-template-columns:74% auto\"><figure class=\"wp-block-media-text__media\"><img loading=\"lazy\" decoding=\"async\" width=\"960\" height=\"540\" src=\"http:\/\/www.assambus-bf.org\/wp-content\/uploads\/2020\/06\/6.jpg\" alt=\"\" class=\"wp-image-890\" srcset=\"https:\/\/www.assambus-bf.org\/wp-content\/uploads\/2020\/06\/6.jpg 960w, https:\/\/www.assambus-bf.org\/wp-content\/uploads\/2020\/06\/6-300x169.jpg 300w, https:\/\/www.assambus-bf.org\/wp-content\/uploads\/2020\/06\/6-768x432.jpg 768w\" sizes=\"auto, (max-width: 960px) 100vw, 960px\" \/><\/figure><div class=\"wp-block-media-text__content\">\n<p class=\"has-normal-font-size\">SANCTA LUCIA le 13 d\u00e9cembre 2018<\/p>\n<\/div><\/div>\n\n\n\n<div class=\"wp-block-media-text alignwide has-media-on-the-right\" style=\"grid-template-columns:auto 72%\"><figure class=\"wp-block-media-text__media\"><img loading=\"lazy\" decoding=\"async\" width=\"1024\" height=\"768\" src=\"http:\/\/www.assambus-bf.org\/wp-content\/uploads\/2020\/06\/photo_une-1024x768.jpg\" alt=\"\" class=\"wp-image-893\" srcset=\"https:\/\/www.assambus-bf.org\/wp-content\/uploads\/2020\/06\/photo_une-1024x768.jpg 1024w, https:\/\/www.assambus-bf.org\/wp-content\/uploads\/2020\/06\/photo_une-300x225.jpg 300w, https:\/\/www.assambus-bf.org\/wp-content\/uploads\/2020\/06\/photo_une-768x576.jpg 768w, https:\/\/www.assambus-bf.org\/wp-content\/uploads\/2020\/06\/photo_une.jpg 1386w\" sizes=\"auto, (max-width: 1024px) 100vw, 1024px\" \/><\/figure><div class=\"wp-block-media-text__content\">\n<p class=\"has-normal-font-size\">C\u00e9l\u00e9bration des 20 ans du Floorball, le 24 novembre 2018<\/p>\n<\/div><\/div>\n\n\n\n<div class=\"wp-block-media-text alignwide\" style=\"grid-template-columns:64% auto\"><figure class=\"wp-block-media-text__media\"><img loading=\"lazy\" decoding=\"async\" width=\"720\" height=\"540\" src=\"http:\/\/www.assambus-bf.org\/wp-content\/uploads\/2020\/06\/fete_suede_danemark-1.jpg\" alt=\"\" class=\"wp-image-1100\" srcset=\"https:\/\/www.assambus-bf.org\/wp-content\/uploads\/2020\/06\/fete_suede_danemark-1.jpg 720w, https:\/\/www.assambus-bf.org\/wp-content\/uploads\/2020\/06\/fete_suede_danemark-1-300x225.jpg 300w\" sizes=\"auto, (max-width: 720px) 100vw, 720px\" \/><\/figure><div class=\"wp-block-media-text__content\">\n<p class=\"has-normal-font-size\">F\u00eate Nationale Su\u00e8de &#8211; Danemark<\/p>\n<\/div><\/div>\n\n\n\n<\/div>\n","protected":false},"excerpt":{"rendered":"<p>Photos La photo de famille des membres de l&#8217;ASSAMBUS \u00e0 l&#8217;issue de la derni\u00e8re Assembl\u00e9e G\u00e9n\u00e9rale tenue le samedi 22 F\u00e9vrier 2020 chez Madame la Charg\u00e9e d&#8217;affaires, Mia RIMBY. Les femmes ASSAMBUS Don de lait au nouveaux n\u00e9s du village de Ladiou dans la province du Sangui\u00e9 le 18 Janvier 2020. Rencontre avec Birgitta le<\/p>\n","protected":false},"author":1,"featured_media":0,"parent":0,"menu_order":0,"comment_status":"closed","ping_status":"closed","template":"","meta":{"footnotes":""},"class_list":["post-925","page","type-page","status-publish","hentry"],"_links":{"self":[{"href":"https:\/\/www.assambus-bf.org\/index.php?rest_route=\/wp\/v2\/pages\/925","targetHints":{"allow":["GET"]}}],"collection":[{"href":"https:\/\/www.assambus-bf.org\/index.php?rest_route=\/wp\/v2\/pages"}],"about":[{"href":"https:\/\/www.assambus-bf.org\/index.php?rest_route=\/wp\/v2\/types\/page"}],"author":[{"embeddable":true,"href":"https:\/\/www.assambus-bf.org\/index.php?rest_route=\/wp\/v2\/users\/1"}],"replies":[{"embeddable":true,"href":"https:\/\/www.assambus-bf.org\/index.php?rest_route=%2Fwp%2Fv2%2Fcomments&post=925"}],"version-history":[{"count":5,"href":"https:\/\/www.assambus-bf.org\/index.php?rest_route=\/wp\/v2\/pages\/925\/revisions"}],"predecessor-version":[{"id":1102,"href":"https:\/\/www.assambus-bf.org\/index.php?rest_route=\/wp\/v2\/pages\/925\/revisions\/1102"}],"wp:attachment":[{"href":"https:\/\/www.assambus-bf.org\/index.php?rest_route=%2Fwp%2Fv2%2Fmedia&parent=925"}],"curies":[{"name":"wp","href":"https:\/\/api.w.org\/{rel}","templated":true}]}}