{"id":77,"date":"2020-03-29T10:47:09","date_gmt":"2020-03-29T10:47:09","guid":{"rendered":"http:\/\/www.assambus-bf.org\/?page_id=77"},"modified":"2020-05-24T10:38:33","modified_gmt":"2020-05-24T10:38:33","slug":"lassociation","status":"publish","type":"page","link":"https:\/\/www.assambus-bf.org\/?page_id=77","title":{"rendered":"Historique"},"content":{"rendered":"<div id=\"fb-root\"><\/div>\n\n<p style=\"color:#efb93f\" class=\"has-text-color\"><strong>Historique de l&#8217;ASSAMBUS<\/strong><\/p>\n\n\n<p>&nbsp;<\/p>\n\n\n\n<p class=\"text_justify\">L\u2019Association d\u2019Amiti\u00e9 Burkina Su\u00e8de (<strong>ASSAMBUS<\/strong>) est n\u00e9e du d\u00e9sir de Burkinab\u00e8, amis et sympathisants du peuple su\u00e9dois, d&#8217;apprendre et de faire conna\u00eetre \u00e0 leur peuple, l&#8217;histoire, la g\u00e9ographie, et l&#8217;organisation socioculturelle de la soci\u00e9t\u00e9 su\u00e9doise, et de partager avec le peuple su\u00e9dois les r\u00e9alit\u00e9s du Burkina Faso.<\/p>\n\n\n\n<p class=\"text_justify\">C\u2019est ainsi que suite \u00e0 l\u2019arriv\u00e9e d\u2019amis su\u00e9dois au Burkina Faso dans les ann\u00e9es 1985 et \u00e0 la faveur de l\u2019engagement du Gouvernement su\u00e9dois dans des Projets de d\u00e9veloppement au Burkina Faso, l\u2019id\u00e9e de mettre en place l\u2019Association a \u00e9merg\u00e9 et a donn\u00e9 lieu \u00e0 la cr\u00e9ation en Su\u00e8de d\u2019une association d\u00e9nomm\u00e9e Association d\u2019Amiti\u00e9 Burkina-Su\u00e8de (<strong>ASSAMBUS<\/strong>) en 1986. <\/p>\n\n\n\n<p class=\"text_justify\">Cette id\u00e9e sera concr\u00e9tis\u00e9e \u00e0 partir de 1989 avec la cr\u00e9ation effective d\u2019une Association d\u00e9nomm\u00e9e \u00abAssociation d\u2019Amiti\u00e9 Burkina-Su\u00e8de\/Echange sans borne\u00bb. Son Secr\u00e9taire G\u00e9n\u00e9ral \u00e9tait Mr Malgoubri \u00c9douard. <\/p>\n\n\n\n<p class=\"text_justify\">Le bureau de l\u2019Association sera\nrenouvel\u00e9 en 1992 avec comme Pr\u00e9sident El Hadj Kouka Ousmane Sandwidi.<\/p>\n\n\n\n<p class=\"text_justify\">Suite au d\u00e9c\u00e8s de El Hadj K. Ousmane Sandwidi, le bureau conna\u00eetra un second renouvellement en d\u00e9cembre 1993 avec comme Pr\u00e9sident Mr Zounkata Alphonse Tuina.<\/p>\n\n\n\n<p class=\"text_justify\">L\u2019association \u00e9tant entre temps tomb\u00e9e en l\u00e9thargie, Dr Sten Hagberg, Consul Honoraire du Burkina Faso en Su\u00e8de, \u00e0 la faveur du retour du groupe des \u00e9tudiants Burkinab\u00e8 form\u00e9s en Su\u00e8de, initie une rencontre le 29 septembre 2007 en vue de relancer et redynamiser l\u2019association.<\/p>\n\n\n\n<p class=\"text_justify\">Cette rencontre a connu la pr\u00e9sence d\u2019\u00e9minentes personnalit\u00e9s telles que: Son Excellence Carin Wall (Ambassadeur de la Su\u00e8de aupr\u00e8s du Burkina Faso), Mme Gjedrum Cecilia (Chef du bureau de Coop\u00e9ration de l\u2019Ambassade de Su\u00e8de au Burkina Faso), Mme Anne Konat\u00e9 (ancienne ambassadeur du Burkina au Danemark), Mr Zounkata Alphonse Tuina (ancien Pr\u00e9sident de l\u2019ASSAMBUS-Burkina, et des participants venus d\u2019horizons divers (monde universitaire, soci\u00e9t\u00e9 civile&#8230;). <\/p>\n\n\n\n<p class=\"text_justify\">A l\u2019issue d\u2019\u00e9changes tr\u00e8s fructueux, un comit\u00e9 compos\u00e9 de six membres \u00e0 savoir&nbsp;: Dr Ouattara Korodjouma, Mr Sanou Abdoulaye, Mr Tapsoba Augustin, Mlle Traore Saran, Dr Zida Didier et Mr Zongo Eric Providence, a \u00e9t\u00e9 mis en place avec pour mission de pr\u00e9parer les textes et convoquer une Assembl\u00e9e G\u00e9n\u00e9rale. <\/p>\n\n\n\n<p class=\"text_justify\">L\u2019AG extraordinaire s\u2019est effectivement tenue le 03 novembre 2007, \u00e0 l\u2019issue de laquelle un bureau a \u00e9t\u00e9 mis en place pour un mandat de 3 ans avec comme pr\u00e9sident le Dr Korodjouma Ouattara. <\/p>\n\n\n\n<p class=\"text_justify\">A la suite de l\u2019AG du 26 f\u00e9vrier 2011, le bureau a \u00e9t\u00e9 reconduit avec comme pr\u00e9sident le Dr Korodjouma.<\/p>\n\n\n\n<p>Le bureau actuel a \u00e9t\u00e9 mis en place suite \u00e0\nl\u2019AG du 24 novembre 2018.<\/p>\n","protected":false},"excerpt":{"rendered":"<p>Historique de l&#8217;ASSAMBUS L\u2019Association d\u2019Amiti\u00e9 Burkina Su\u00e8de (ASSAMBUS) est n\u00e9e du d\u00e9sir de Burkinab\u00e8, amis et sympathisants du peuple su\u00e9dois, d&#8217;apprendre et de faire conna\u00eetre \u00e0 leur peuple, l&#8217;histoire, la g\u00e9ographie, et l&#8217;organisation socioculturelle de la soci\u00e9t\u00e9 su\u00e9doise, et de partager avec le peuple su\u00e9dois les r\u00e9alit\u00e9s du Burkina Faso. C\u2019est ainsi que suite \u00e0<\/p>\n","protected":false},"author":1,"featured_media":0,"parent":0,"menu_order":0,"comment_status":"closed","ping_status":"closed","template":"","meta":{"footnotes":""},"class_list":["post-77","page","type-page","status-publish","hentry"],"_links":{"self":[{"href":"https:\/\/www.assambus-bf.org\/index.php?rest_route=\/wp\/v2\/pages\/77","targetHints":{"allow":["GET"]}}],"collection":[{"href":"https:\/\/www.assambus-bf.org\/index.php?rest_route=\/wp\/v2\/pages"}],"about":[{"href":"https:\/\/www.assambus-bf.org\/index.php?rest_route=\/wp\/v2\/types\/page"}],"author":[{"embeddable":true,"href":"https:\/\/www.assambus-bf.org\/index.php?rest_route=\/wp\/v2\/users\/1"}],"replies":[{"embeddable":true,"href":"https:\/\/www.assambus-bf.org\/index.php?rest_route=%2Fwp%2Fv2%2Fcomments&post=77"}],"version-history":[{"count":21,"href":"https:\/\/www.assambus-bf.org\/index.php?rest_route=\/wp\/v2\/pages\/77\/revisions"}],"predecessor-version":[{"id":666,"href":"https:\/\/www.assambus-bf.org\/index.php?rest_route=\/wp\/v2\/pages\/77\/revisions\/666"}],"wp:attachment":[{"href":"https:\/\/www.assambus-bf.org\/index.php?rest_route=%2Fwp%2Fv2%2Fmedia&parent=77"}],"curies":[{"name":"wp","href":"https:\/\/api.w.org\/{rel}","templated":true}]}}