{"id":611,"date":"2020-05-24T08:51:17","date_gmt":"2020-05-24T08:51:17","guid":{"rendered":"http:\/\/www.assambus-bf.org\/?page_id=611"},"modified":"2020-06-10T16:02:37","modified_gmt":"2020-06-10T16:02:37","slug":"nos-partenaires","status":"publish","type":"page","link":"https:\/\/www.assambus-bf.org\/?page_id=611","title":{"rendered":"Nos Partenaires"},"content":{"rendered":"<div id=\"fb-root\"><\/div>\n\n<p style=\"color:#efb93f\" class=\"has-text-color\"><strong>Nos Partenaires<\/strong><\/p>\n\n\n<p>&nbsp;<\/p>\n\n\n\n<div style=\"width: 70; height: 1530px; overflow: scroll;\">\n\n\n\n<p><strong><img decoding=\"async\" class=\"fleche\" src=\"http:\/\/www.assambus-bf.org\/wp-content\/uploads\/2020\/05\/fleche.png\"> Ambassade de Su\u00e8de au Burkina Faso<\/strong><\/p>\n\n\n\n<p>Site internet: <a href=\"#\" target=\"_blank\" rel=\"noopener noreferrer\">lien du site<\/a><\/p>\n\n\n\n<p>E-mail:<\/p>\n\n\n\n<p>T\u00e9l\u00e9phone:<\/p>\n\n\n<hr>\n\n\n\n<p><strong><img decoding=\"async\" class=\"fleche\" src=\"http:\/\/www.assambus-bf.org\/wp-content\/uploads\/2020\/05\/fleche.png\"> Ambassade du Burkina Faso au Danemark<\/strong><\/p>\n\n\n\n<p>Site internet: <a href=\"#\" target=\"_blank\" rel=\"noopener noreferrer\">lien du site<\/a><\/p>\n\n\n\n<p>E-mail:<\/p>\n\n\n\n<p>T\u00e9l\u00e9phone:<\/p>\n\n\n<hr>\n\n\n\n<p><strong><img decoding=\"async\" class=\"fleche\" src=\"http:\/\/www.assambus-bf.org\/wp-content\/uploads\/2020\/05\/fleche.png\"> Consul  Honoraire du Burkina Faso en Su\u00e8de<\/strong><\/p>\n\n\n\n<p>Site internet: <a href=\"#\" target=\"_blank\" rel=\"noopener noreferrer\">lien du site<\/a><\/p>\n\n\n\n<p>E-mail:<\/p>\n\n\n\n<p>T\u00e9l\u00e9phone:<\/p>\n\n\n<hr>\n\n\n\n<p><strong><img decoding=\"async\" class=\"fleche\" src=\"http:\/\/www.assambus-bf.org\/wp-content\/uploads\/2020\/05\/fleche.png\"> D\u00e9l\u00e9gu\u00e9 CSBE Scandinavie<\/strong><\/p>\n\n\n\n<p>Site internet: <a href=\"#\" target=\"_blank\" rel=\"noopener noreferrer\">lien du site<\/a><\/p>\n\n\n\n<p>E-mail:<\/p>\n\n\n\n<p>T\u00e9l\u00e9phone:<\/p>\n\n\n<hr>\n\n\n\n<p><strong><img decoding=\"async\" class=\"fleche\" src=\"http:\/\/www.assambus-bf.org\/wp-content\/uploads\/2020\/05\/fleche.png\"> ASSAMBUS Su\u00e8de <\/strong><\/p>\n\n\n\n<p>Site internet: <a href=\"http:\/\/www.assambus.se\" target=\"_blank\" rel=\"noopener noreferrer\">http:\/\/www.assambus.se<\/a><\/p>\n\n\n\n<p>E-mail:<\/p>\n\n\n\n<p>T\u00e9l\u00e9phone:<\/p>\n\n\n<hr>\n\n\n\n<p><strong><img decoding=\"async\" class=\"fleche\" src=\"http:\/\/www.assambus-bf.org\/wp-content\/uploads\/2020\/05\/fleche.png\"> Faso Tr\u00e4effen<\/strong><\/p>\n\n\n\n<p>Site internet: <a href=\"#\" target=\"_blank\" rel=\"noopener noreferrer\">lien du site<\/a><\/p>\n\n\n\n<p>E-mail:<\/p>\n\n\n\n<p>T\u00e9l\u00e9phone:<\/p>\n\n\n<hr>\n\n\n\n<p><strong><img decoding=\"async\" class=\"fleche\" src=\"http:\/\/www.assambus-bf.org\/wp-content\/uploads\/2020\/05\/fleche.png\"> Faso Kamba<\/strong><\/p>\n\n\n\n<p>Site internet: <a href=\"#\" target=\"_blank\" rel=\"noopener noreferrer\">lien du site<\/a><\/p>\n\n\n\n<p>E-mail:<\/p>\n\n\n\n<p>T\u00e9l\u00e9phone:<\/p>\n\n\n<hr>\n\n\n\n<p><strong><img decoding=\"async\" class=\"fleche\" src=\"http:\/\/www.assambus-bf.org\/wp-content\/uploads\/2020\/05\/fleche.png\"> Gosner\u00e9<\/strong><\/p>\n\n\n\n<p>Site internet: <a href=\"#\" target=\"_blank\" rel=\"noopener noreferrer\">lien du site<\/a><\/p>\n\n\n\n<p>E-mail:<\/p>\n\n\n\n<p>T\u00e9l\u00e9phone:<\/p>\n\n\n<hr>\n\n\n\n<p><strong><img decoding=\"async\" class=\"fleche\" src=\"http:\/\/www.assambus-bf.org\/wp-content\/uploads\/2020\/05\/fleche.png\"> Residence <\/strong><\/p>\n\n\n\n<p>Site internet: <a href=\"#\" target=\"_blank\" rel=\"noopener noreferrer\">lien du site<\/a><\/p>\n\n\n\n<p>E-mail:<\/p>\n\n\n\n<p>T\u00e9l\u00e9phone:<\/p>\n\n\n<\/div>\n","protected":false},"excerpt":{"rendered":"<p>Nos Partenaires Ambassade de Su\u00e8de au Burkina Faso Site internet: lien du site E-mail: T\u00e9l\u00e9phone: Ambassade du Burkina Faso au Danemark Site internet: lien du site E-mail: T\u00e9l\u00e9phone: Consul Honoraire du Burkina Faso en Su\u00e8de Site internet: lien du site E-mail: T\u00e9l\u00e9phone: D\u00e9l\u00e9gu\u00e9 CSBE Scandinavie Site internet: lien du site E-mail: T\u00e9l\u00e9phone: ASSAMBUS Su\u00e8de Site<\/p>\n","protected":false},"author":1,"featured_media":0,"parent":0,"menu_order":0,"comment_status":"closed","ping_status":"closed","template":"","meta":{"footnotes":""},"class_list":["post-611","page","type-page","status-publish","hentry"],"_links":{"self":[{"href":"https:\/\/www.assambus-bf.org\/index.php?rest_route=\/wp\/v2\/pages\/611","targetHints":{"allow":["GET"]}}],"collection":[{"href":"https:\/\/www.assambus-bf.org\/index.php?rest_route=\/wp\/v2\/pages"}],"about":[{"href":"https:\/\/www.assambus-bf.org\/index.php?rest_route=\/wp\/v2\/types\/page"}],"author":[{"embeddable":true,"href":"https:\/\/www.assambus-bf.org\/index.php?rest_route=\/wp\/v2\/users\/1"}],"replies":[{"embeddable":true,"href":"https:\/\/www.assambus-bf.org\/index.php?rest_route=%2Fwp%2Fv2%2Fcomments&post=611"}],"version-history":[{"count":30,"href":"https:\/\/www.assambus-bf.org\/index.php?rest_route=\/wp\/v2\/pages\/611\/revisions"}],"predecessor-version":[{"id":1133,"href":"https:\/\/www.assambus-bf.org\/index.php?rest_route=\/wp\/v2\/pages\/611\/revisions\/1133"}],"wp:attachment":[{"href":"https:\/\/www.assambus-bf.org\/index.php?rest_route=%2Fwp%2Fv2%2Fmedia&parent=611"}],"curies":[{"name":"wp","href":"https:\/\/api.w.org\/{rel}","templated":true}]}}