{"id":248,"date":"2020-04-08T10:44:44","date_gmt":"2020-04-08T10:44:44","guid":{"rendered":"http:\/\/www.assambus-bf.org\/?page_id=248"},"modified":"2020-06-06T12:54:50","modified_gmt":"2020-06-06T12:54:50","slug":"adhesion","status":"publish","type":"page","link":"https:\/\/www.assambus-bf.org\/?page_id=248","title":{"rendered":"Adh\u00e9sion"},"content":{"rendered":"<div id=\"fb-root\"><\/div>\n\n<p style=\"color:#efb93f\" class=\"has-text-color\"><strong>Adh\u00e9sion<\/strong><\/p>\n\n\n<p>&nbsp;<\/p>\n\n\n\n<img decoding=\"async\" src=\"http:\/\/www.assambus-bf.org\/wp-content\/uploads\/2020\/05\/infos_adhesion2.png\">\n\n\n\n<p><strong>Veillez remplir le formulaire ci-dessous pour adh\u00e9rer \u00e0 l&#8217;association<\/strong><\/p>\n\n\n\n<p><strong>NB: les champs contenant un (<span style=\"color: #ff0019\";>*<\/span>) sont obligatoires<\/strong><\/p>\n\n\n\n        \n\n                <form class=\"wpuf-form-add weforms-379  wpuf-style\" action=\"\" method=\"post\"   id=\"\">\n\n            <ul class=\"wpuf-form form-label-above\">\n\n                        <li class=\"wpuf-el charger_votre_photo__taille__189_176_pixels_ field-size-large\" data-label=\"Charger votre photo (Taille: 189\/176 pixels)\">\n                    <div class=\"wpuf-label\">\n            <label for=\"charger_votre_photo__taille__189_176_pixels__379\">Charger votre photo (Taille: 189\/176 pixels) <span class=\"required\">*<\/span><\/label>\n        <\/div>\n                    <div class=\"wpuf-fields\">\n                <div id=\"wpuf-charger_votre_photo__taille__189_176_pixels_-379-upload-container\" data-style=\"wpuf-style\">\n                    <div class=\"wpuf-attachment-upload-filelist\"  data-style=\"wpuf-style\" data-type=\"file\" data-required=\"yes\" data-style=\"wpuf-style\">\n                        <a id=\"wpuf-charger_votre_photo__taille__189_176_pixels_-379-pickfiles\" data-style=\"wpuf-style\" data-form_id=\"379\" class=\"button file-selector  wpuf_charger_votre_photo__taille__189_176_pixels__379\" href=\"#\">Select Image<\/a>\n                        <ul class=\"wpuf-attachment-list thumbnails\"><\/ul>\n                    <\/div>\n                <\/div><!-- .container -->\n\n                \n            <\/div> <!-- .wpuf-fields -->\n        <\/li>\n                <li class=\"wpuf-el identit_s field-size-large\" data-label=\"Identit\u00e9s\">\n                    <div class=\"wpuf-label\">\n            <label for=\"identit_s_379\">Identit\u00e9s <span class=\"required\">*<\/span><\/label>\n        <\/div>\n        \n            <div class=\"wpuf-fields\">\n                <div class=\"wpuf-name-field-wrap format-first-last\" data-style=\"wpuf-style\">\n                    <div class=\"wpuf-name-field-first-name\">\n                        <input\n                            name=\"identit_s[first]\"\n                            type=\"text\"\n                            placeholder=\"\"\n                            value=\"Nom\"\n                            size=\"40\"\n                            data-required=\"yes\"\n                            data-type=\"text\"\n                            data-style=\"wpuf-style\"\n                            class=\"textfield wpuf_identit_s_379\"\n                            autocomplete=\"given-name\"\n                        >\n                                                    <label class=\"wpuf-form-sub-label\" data-style=\"wpuf-style\">First<\/label>\n                                            <\/div>\n\n                                            <input type=\"hidden\" name=\"identit_s[middle]\" value=\"\">\n                    \n                    <div class=\"wpuf-name-field-last-name\">\n                        <input\n                            name=\"identit_s[last]\"\n                            type=\"text\" class=\"textfield\"\n                            placeholder=\"\"\n                            value=\"Pr\u00e9nom(s)\"\n                            size=\"40\"\n                            autocomplete=\"family-name\"\n                            data-style=\"wpuf-style\"\n                        >\n                                                    <label class=\"wpuf-form-sub-label\" data-style=\"wpuf-style\">Last<\/label>\n                                            <\/div>\n                <\/div>\n                            <\/div>\n        <\/li>\n                <li class=\"wpuf-el date_et_lieu_de_naissance field-size-medium\" data-label=\"Date et lieu de naissance\">\n                    <div class=\"wpuf-label\">\n            <label for=\"date_et_lieu_de_naissance_379\">Date et lieu de naissance <span class=\"required\">*<\/span><\/label>\n        <\/div>\n        \n            <div class=\"wpuf-fields\">\n                <input\n                    class=\"textfield wpuf_date_et_lieu_de_naissance_379\"\n                    id=\"date_et_lieu_de_naissance_379\"\n                    type=\"text\"\n                    data-duplicate=\"no\"\n                    data-required=\"yes\"\n                    data-type=\"text\" name=\"date_et_lieu_de_naissance\"\n                    placeholder=\"\"\n                    value=\"\"\n                    size=\"40\"\n                    data-style=\"wpuf-style\"\n                \/>\n\n                <span class=\"wpuf-wordlimit-message wpuf-help\"><\/span>\n                            <\/div>\n                    <\/li>\n                <li class=\"wpuf-el profession field-size-small\" data-label=\"Profession\">\n                    <div class=\"wpuf-label\">\n            <label for=\"profession_379\">Profession <span class=\"required\">*<\/span><\/label>\n        <\/div>\n        \n            <div class=\"wpuf-fields\">\n                <input\n                    class=\"textfield wpuf_profession_379\"\n                    id=\"profession_379\"\n                    type=\"text\"\n                    data-duplicate=\"no\"\n                    data-required=\"yes\"\n                    data-type=\"text\" name=\"profession\"\n                    placeholder=\"\"\n                    value=\"\"\n                    size=\"40\"\n                    data-style=\"wpuf-style\"\n                \/>\n\n                <span class=\"wpuf-wordlimit-message wpuf-help\"><\/span>\n                            <\/div>\n                    <\/li>\n                <li class=\"wpuf-el fonction_actuelle field-size-medium\" data-label=\"Fonction actuelle\">\n                    <div class=\"wpuf-label\">\n            <label for=\"fonction_actuelle_379\">Fonction actuelle <span class=\"required\">*<\/span><\/label>\n        <\/div>\n        \n            <div class=\"wpuf-fields\">\n                <input\n                    class=\"textfield wpuf_fonction_actuelle_379\"\n                    id=\"fonction_actuelle_379\"\n                    type=\"text\"\n                    data-duplicate=\"no\"\n                    data-required=\"yes\"\n                    data-type=\"text\" name=\"fonction_actuelle\"\n                    placeholder=\"\"\n                    value=\"\"\n                    size=\"40\"\n                    data-style=\"wpuf-style\"\n                \/>\n\n                <span class=\"wpuf-wordlimit-message wpuf-help\"><\/span>\n                            <\/div>\n                    <\/li>\n                <li class=\"wpuf-el lieu_de_r_sidence field-size-medium\" data-label=\"Lieu de r\u00e9sidence\">\n                    <div class=\"wpuf-label\">\n            <label for=\"lieu_de_r_sidence_379\">Lieu de r\u00e9sidence <span class=\"required\">*<\/span><\/label>\n        <\/div>\n        \n            <div class=\"wpuf-fields\">\n                <input\n                    class=\"textfield wpuf_lieu_de_r_sidence_379\"\n                    id=\"lieu_de_r_sidence_379\"\n                    type=\"text\"\n                    data-duplicate=\"no\"\n                    data-required=\"yes\"\n                    data-type=\"text\" name=\"lieu_de_r_sidence\"\n                    placeholder=\"\"\n                    value=\"\"\n                    size=\"40\"\n                    data-style=\"wpuf-style\"\n                \/>\n\n                <span class=\"wpuf-wordlimit-message wpuf-help\"><\/span>\n                            <\/div>\n                    <\/li>\n                <li class=\"wpuf-el addresse_email field-size-medium\" data-label=\"Addresse Email\">\n                    <div class=\"wpuf-label\">\n            <label for=\"addresse_email_379\">Addresse Email<\/label>\n        <\/div>\n        \n            <div class=\"wpuf-fields\">\n                <input\n                    id=\"addresse_email_379\"\n                    type=\"email\"\n                    class=\"email  wpuf_addresse_email_379\"\n                    data-duplicate=\"\"\n                    data-required=\"no\"\n                    data-type=\"email\"\n                    data-style=\"wpuf-style\"\n                    name=\"addresse_email\"\n                    placeholder=\"\"\n                    value=\"\"\n                    size=\"40\"\n                    autocomplete=\"email\"\n                \/>\n                            <\/div>\n        <\/li>\n                <li class=\"wpuf-el t_l_phone field-size-small\" data-label=\"T\u00e9l\u00e9phone\">\n                    <div class=\"wpuf-label\">\n            <label for=\"t_l_phone_379\">T\u00e9l\u00e9phone <span class=\"required\">*<\/span><\/label>\n        <\/div>\n        \n            <div class=\"wpuf-fields\">\n                <input\n                    class=\"textfield wpuf_t_l_phone_379\"\n                    id=\"t_l_phone_379\"\n                    type=\"text\"\n                    data-duplicate=\"no\"\n                    data-required=\"yes\"\n                    data-type=\"text\" name=\"t_l_phone\"\n                    placeholder=\"\"\n                    value=\"\"\n                    size=\"40\"\n                    data-style=\"wpuf-style\"\n                \/>\n\n                <span class=\"wpuf-wordlimit-message wpuf-help\"><\/span>\n                            <\/div>\n                    <\/li>\n                <li class=\"wpuf-el pseudo_facebook field-size-medium\" data-label=\"Pseudo Facebook\">\n                    <div class=\"wpuf-label\">\n            <label for=\"pseudo_facebook_379\">Pseudo Facebook<\/label>\n        <\/div>\n        \n            <div class=\"wpuf-fields\">\n                <input\n                    class=\"textfield wpuf_pseudo_facebook_379\"\n                    id=\"pseudo_facebook_379\"\n                    type=\"text\"\n                    data-duplicate=\"no\"\n                    data-required=\"no\"\n                    data-type=\"text\" name=\"pseudo_facebook\"\n                    placeholder=\"\"\n                    value=\"\"\n                    size=\"40\"\n                    data-style=\"wpuf-style\"\n                \/>\n\n                <span class=\"wpuf-wordlimit-message wpuf-help\"><\/span>\n                            <\/div>\n                    <\/li>\n                <li class=\"wpuf-el n__whatsapp field-size-medium\" data-label=\"N\u00b0 Whatsapp\">\n                    <div class=\"wpuf-label\">\n            <label for=\"n__whatsapp_379\">N\u00b0 Whatsapp<\/label>\n        <\/div>\n        \n            <div class=\"wpuf-fields\">\n                <input\n                    class=\"textfield wpuf_n__whatsapp_379\"\n                    id=\"n__whatsapp_379\"\n                    type=\"text\"\n                    data-duplicate=\"no\"\n                    data-required=\"no\"\n                    data-type=\"text\" name=\"n__whatsapp\"\n                    placeholder=\"\"\n                    value=\"\"\n                    size=\"40\"\n                    data-style=\"wpuf-style\"\n                \/>\n\n                <span class=\"wpuf-wordlimit-message wpuf-help\"><\/span>\n                            <\/div>\n                    <\/li>\n                <li class=\"wpuf-el date_d_inscription field-size-small\" data-label=\"Date d&#039;inscription\">\n                    <div class=\"wpuf-label\">\n            <label for=\"date_d_inscription_0\">Date d&#039;inscription <span class=\"required\">*<\/span><\/label>\n        <\/div>\n        \n            <div class=\"wpuf-fields\">\n                <input\n                    id=\"wpuf-date-date_d_inscription\"\n                    type=\"text\"\n                                        class=\"datepicker  wpuf_date_d_inscription_379\"\n                    data-required=\"yes\"\n                    data-type=\"text\"\n                    data-style=\"wpuf-style\"\n                    name=\"date_d_inscription\"\n                    placeholder=\"jj\/mm\/AA\"\n                    value=\"\"\n                    size=\"30\"\n                \/>\n                            <\/div>\n        <\/li>\n                <li class=\"wpuf-submit\">\n            <div class=\"wpuf-label\">\n                &nbsp;\n            <\/div>\n\n            <input type=\"hidden\" id=\"_wpnonce\" name=\"_wpnonce\" value=\"1d451776a1\" \/><input type=\"hidden\" name=\"_wp_http_referer\" value=\"\/index.php?rest_route=%2Fwp%2Fv2%2Fpages%2F248\" \/>\n            <input type=\"hidden\" name=\"form_id\" value=\"379\">\n            <input type=\"hidden\" name=\"page_id\" value=\"248\">\n            <input type=\"hidden\" name=\"action\" value=\"weforms_frontend_submit\">\n\n                            <input type=\"hidden\" name=\"weforms-front-report\" value=\"no\">\n            \n            \n                            <input type=\"submit\" class=\"weforms_submit_btn wpuf_submit_379\" name=\"submit\" value=\"Envoyez\" \/>\n                    <\/li>\n                <\/ul>\n\n        <\/form>\n                \n","protected":false},"excerpt":{"rendered":"<p>Adh\u00e9sion Veillez remplir le formulaire ci-dessous pour adh\u00e9rer \u00e0 l&#8217;association NB: les champs contenant un (*) sont obligatoires<\/p>\n","protected":false},"author":1,"featured_media":0,"parent":0,"menu_order":0,"comment_status":"closed","ping_status":"closed","template":"","meta":{"footnotes":""},"class_list":["post-248","page","type-page","status-publish","hentry"],"_links":{"self":[{"href":"https:\/\/www.assambus-bf.org\/index.php?rest_route=\/wp\/v2\/pages\/248","targetHints":{"allow":["GET"]}}],"collection":[{"href":"https:\/\/www.assambus-bf.org\/index.php?rest_route=\/wp\/v2\/pages"}],"about":[{"href":"https:\/\/www.assambus-bf.org\/index.php?rest_route=\/wp\/v2\/types\/page"}],"author":[{"embeddable":true,"href":"https:\/\/www.assambus-bf.org\/index.php?rest_route=\/wp\/v2\/users\/1"}],"replies":[{"embeddable":true,"href":"https:\/\/www.assambus-bf.org\/index.php?rest_route=%2Fwp%2Fv2%2Fcomments&post=248"}],"version-history":[{"count":40,"href":"https:\/\/www.assambus-bf.org\/index.php?rest_route=\/wp\/v2\/pages\/248\/revisions"}],"predecessor-version":[{"id":1110,"href":"https:\/\/www.assambus-bf.org\/index.php?rest_route=\/wp\/v2\/pages\/248\/revisions\/1110"}],"wp:attachment":[{"href":"https:\/\/www.assambus-bf.org\/index.php?rest_route=%2Fwp%2Fv2%2Fmedia&parent=248"}],"curies":[{"name":"wp","href":"https:\/\/api.w.org\/{rel}","templated":true}]}}