{"id":239,"date":"2020-04-08T10:41:03","date_gmt":"2020-04-08T10:41:03","guid":{"rendered":"http:\/\/www.assambus-bf.org\/?page_id=239"},"modified":"2020-06-10T15:53:00","modified_gmt":"2020-06-10T15:53:00","slug":"actualites","status":"publish","type":"page","link":"https:\/\/www.assambus-bf.org\/?page_id=239","title":{"rendered":"Actualit\u00e9s"},"content":{"rendered":"<div id=\"fb-root\"><\/div>\n\n<p style=\"color:#efb93f\" class=\"has-text-color\"><strong>Actualit\u00e9s du Burkina<\/strong><\/p>\n\n\n<p>&nbsp;<\/p>\n\n\n\n<p>Suivez toute l&#8217;actualit\u00e9 du Burkina Faso en temps r\u00e9el avec les organes de presse professionnels.<\/p>\n\n\n<p>&nbsp;<\/p>\n\n\n\n<div class=\"wp-block-media-text alignwide\" style=\"grid-template-columns:41% auto\"><figure class=\"wp-block-media-text__media\"><img loading=\"lazy\" decoding=\"async\" width=\"270\" height=\"92\" src=\"http:\/\/www.assambus-bf.org\/wp-content\/uploads\/2020\/06\/rtb2.png\" alt=\"\" class=\"wp-image-1021\"\/><\/figure><div class=\"wp-block-media-text__content\">\n<p style=\"font-size:18px\">La radio-t\u00e9l\u00e9vision du Burkina<\/p>\n\n\n\n<p>Lien du site: <a href=\"https:\/\/www.rtb.bf\" target=\"_blank\" rel=\"noreferrer noopener\">La RTB<\/a><\/p>\n<\/div><\/div>\n\n\n<hr>\n\n\n\n<div class=\"wp-block-media-text alignwide\" style=\"grid-template-columns:41% auto\"><figure class=\"wp-block-media-text__media\"><img loading=\"lazy\" decoding=\"async\" width=\"270\" height=\"92\" src=\"http:\/\/www.assambus-bf.org\/wp-content\/uploads\/2020\/06\/lefasonet3.png\" alt=\"\" class=\"wp-image-1024\"\/><\/figure><div class=\"wp-block-media-text__content\">\n<p style=\"font-size:18px\">La presse en ligne le Faso.net<\/p>\n\n\n\n<p>Lien du site: <a href=\"https:\/\/lefaso.net\" target=\"_blank\" rel=\"noopener noreferrer\">LeFaso.net<\/a><\/p>\n<\/div><\/div>\n\n\n<hr>\n\n\n\n<div class=\"wp-block-media-text alignwide\" style=\"grid-template-columns:41% auto\"><figure class=\"wp-block-media-text__media\"><img loading=\"lazy\" decoding=\"async\" width=\"270\" height=\"92\" src=\"http:\/\/www.assambus-bf.org\/wp-content\/uploads\/2020\/06\/minutebf.png\" alt=\"\" class=\"wp-image-1026\"\/><\/figure><div class=\"wp-block-media-text__content\">\n<p style=\"font-size:18px\">La presse en ligne Minute.bf<\/p>\n\n\n\n<p>Lien du site: <a href=\"https:\/\/minute.bf\" target=\"_blank\" rel=\"noreferrer noopener\">Minute.bf<\/a><\/p>\n<\/div><\/div>\n\n\n<hr>\n\n\n\n<div class=\"wp-block-media-text alignwide\" style=\"grid-template-columns:41% auto\"><figure class=\"wp-block-media-text__media\"><img loading=\"lazy\" decoding=\"async\" width=\"270\" height=\"92\" src=\"http:\/\/www.assambus-bf.org\/wp-content\/uploads\/2020\/06\/savane-Copie.png\" alt=\"\" class=\"wp-image-1028\"\/><\/figure><div class=\"wp-block-media-text__content\">\n<p style=\"font-size:18px\">La radio-t\u00e9l\u00e9vision culturelle Savane<\/p>\n\n\n\n<p>Lien du site: <a href=\"https:\/\/savanemedias.net\" target=\"_blank\" rel=\"noreferrer noopener\">Savane<\/a><\/p>\n<\/div><\/div>\n\n\n<hr>\n\n\n\n<div class=\"wp-block-media-text alignwide\" style=\"grid-template-columns:42% auto\"><figure class=\"wp-block-media-text__media\"><img loading=\"lazy\" decoding=\"async\" width=\"270\" height=\"92\" src=\"http:\/\/www.assambus-bf.org\/wp-content\/uploads\/2020\/06\/omega-Copie.png\" alt=\"\" class=\"wp-image-1030\"\/><\/figure><div class=\"wp-block-media-text__content\">\n<p style=\"font-size:18px\">L&#8217;organe de presse Omega<\/p>\n\n\n\n<p>Lien du site: <a href=\"https:\/\/www.facebook.com\/RadioOmegaOfficiel\/\" target=\"_blank\" rel=\"noreferrer noopener\">Omega<\/a><\/p>\n<\/div><\/div>\n\n\n<hr>\n\n\n\n<div class=\"wp-block-media-text alignwide\" style=\"grid-template-columns:41% auto\"><figure class=\"wp-block-media-text__media\"><img loading=\"lazy\" decoding=\"async\" width=\"270\" height=\"92\" src=\"http:\/\/www.assambus-bf.org\/wp-content\/uploads\/2020\/06\/bf1.png\" alt=\"\" class=\"wp-image-1032\"\/><\/figure><div class=\"wp-block-media-text__content\">\n<p style=\"font-size:18px\">La t\u00e9l\u00e9vision BF1<\/p>\n\n\n\n<p>\nLien du site: <a rel=\"noreferrer noopener\" href=\"https:\/\/www.bf1.tv\" target=\"_blank\">BF1<\/a><\/p>\n<\/div><\/div>\n","protected":false},"excerpt":{"rendered":"<p>Actualit\u00e9s du Burkina Suivez toute l&#8217;actualit\u00e9 du Burkina Faso en temps r\u00e9el avec les organes de presse professionnels. La radio-t\u00e9l\u00e9vision du Burkina Lien du site: La RTB La presse en ligne le Faso.net Lien du site: LeFaso.net La presse en ligne Minute.bf Lien du site: Minute.bf La radio-t\u00e9l\u00e9vision culturelle Savane Lien du site: Savane L&#8217;organe<\/p>\n","protected":false},"author":1,"featured_media":0,"parent":0,"menu_order":0,"comment_status":"closed","ping_status":"closed","template":"","meta":{"footnotes":""},"class_list":["post-239","page","type-page","status-publish","hentry"],"_links":{"self":[{"href":"https:\/\/www.assambus-bf.org\/index.php?rest_route=\/wp\/v2\/pages\/239","targetHints":{"allow":["GET"]}}],"collection":[{"href":"https:\/\/www.assambus-bf.org\/index.php?rest_route=\/wp\/v2\/pages"}],"about":[{"href":"https:\/\/www.assambus-bf.org\/index.php?rest_route=\/wp\/v2\/types\/page"}],"author":[{"embeddable":true,"href":"https:\/\/www.assambus-bf.org\/index.php?rest_route=\/wp\/v2\/users\/1"}],"replies":[{"embeddable":true,"href":"https:\/\/www.assambus-bf.org\/index.php?rest_route=%2Fwp%2Fv2%2Fcomments&post=239"}],"version-history":[{"count":34,"href":"https:\/\/www.assambus-bf.org\/index.php?rest_route=\/wp\/v2\/pages\/239\/revisions"}],"predecessor-version":[{"id":1129,"href":"https:\/\/www.assambus-bf.org\/index.php?rest_route=\/wp\/v2\/pages\/239\/revisions\/1129"}],"wp:attachment":[{"href":"https:\/\/www.assambus-bf.org\/index.php?rest_route=%2Fwp%2Fv2%2Fmedia&parent=239"}],"curies":[{"name":"wp","href":"https:\/\/api.w.org\/{rel}","templated":true}]}}