{"id":228,"date":"2020-04-08T10:36:23","date_gmt":"2020-04-08T10:36:23","guid":{"rendered":"http:\/\/www.assambus-bf.org\/?page_id=228"},"modified":"2020-06-10T15:46:01","modified_gmt":"2020-06-10T15:46:01","slug":"assemblees-generales","status":"publish","type":"page","link":"https:\/\/www.assambus-bf.org\/?page_id=228","title":{"rendered":"Assembl\u00e9es G\u00e9n\u00e9rales"},"content":{"rendered":"<div id=\"fb-root\"><\/div>\n\n<p style=\"color:#efb93f\" class=\"has-text-color\"><strong>Assembl\u00e9es G\u00e9n\u00e9rales<\/strong><\/p>\n\n\n<p>&nbsp;<\/p>\n\n\n\n<p style=\"color:#ff0019\" class=\"has-text-color message_info\">\nCette partie est en cours de traitement, veuillez revenir ult\u00e9rieurement&#8230;\n\n<\/p>\n","protected":false},"excerpt":{"rendered":"<p>Assembl\u00e9es G\u00e9n\u00e9rales Cette partie est en cours de traitement, veuillez revenir ult\u00e9rieurement&#8230;<\/p>\n","protected":false},"author":1,"featured_media":0,"parent":0,"menu_order":0,"comment_status":"closed","ping_status":"closed","template":"","meta":{"footnotes":""},"class_list":["post-228","page","type-page","status-publish","hentry"],"_links":{"self":[{"href":"https:\/\/www.assambus-bf.org\/index.php?rest_route=\/wp\/v2\/pages\/228","targetHints":{"allow":["GET"]}}],"collection":[{"href":"https:\/\/www.assambus-bf.org\/index.php?rest_route=\/wp\/v2\/pages"}],"about":[{"href":"https:\/\/www.assambus-bf.org\/index.php?rest_route=\/wp\/v2\/types\/page"}],"author":[{"embeddable":true,"href":"https:\/\/www.assambus-bf.org\/index.php?rest_route=\/wp\/v2\/users\/1"}],"replies":[{"embeddable":true,"href":"https:\/\/www.assambus-bf.org\/index.php?rest_route=%2Fwp%2Fv2%2Fcomments&post=228"}],"version-history":[{"count":5,"href":"https:\/\/www.assambus-bf.org\/index.php?rest_route=\/wp\/v2\/pages\/228\/revisions"}],"predecessor-version":[{"id":1124,"href":"https:\/\/www.assambus-bf.org\/index.php?rest_route=\/wp\/v2\/pages\/228\/revisions\/1124"}],"wp:attachment":[{"href":"https:\/\/www.assambus-bf.org\/index.php?rest_route=%2Fwp%2Fv2%2Fmedia&parent=228"}],"curies":[{"name":"wp","href":"https:\/\/api.w.org\/{rel}","templated":true}]}}