{"id":217,"date":"2020-04-08T10:30:39","date_gmt":"2020-04-08T10:30:39","guid":{"rendered":"http:\/\/www.assambus-bf.org\/?page_id=217"},"modified":"2020-05-29T08:22:07","modified_gmt":"2020-05-29T08:22:07","slug":"le-bureau-executif-national","status":"publish","type":"page","link":"https:\/\/www.assambus-bf.org\/?page_id=217","title":{"rendered":"Le Bureau Ex\u00e9cutif National"},"content":{"rendered":"<div id=\"fb-root\"><\/div>\n\n<p style=\"color:#efb93f\" class=\"has-text-color\"><strong>Le Bureau Ex\u00e9cutif National de l&#8217;association<\/strong><\/p>\n\n\n<p>&nbsp;<\/p>\n\n\n\n<div style=\"width: 70; height: 1530px; overflow: scroll;\">\n\n\n\n<div class=\"wp-block-media-text alignwide\" style=\"grid-template-columns:26% auto\"><figure class=\"wp-block-media-text__media\"><img loading=\"lazy\" decoding=\"async\" width=\"315\" height=\"436\" src=\"http:\/\/www.assambus-bf.org\/wp-content\/uploads\/2020\/05\/ZONGO-ERIC-PROVIDENCE.jpg\" alt=\"\" class=\"wp-image-779\" srcset=\"https:\/\/www.assambus-bf.org\/wp-content\/uploads\/2020\/05\/ZONGO-ERIC-PROVIDENCE.jpg 315w, https:\/\/www.assambus-bf.org\/wp-content\/uploads\/2020\/05\/ZONGO-ERIC-PROVIDENCE-217x300.jpg 217w\" sizes=\"auto, (max-width: 315px) 100vw, 315px\" \/><\/figure><div class=\"wp-block-media-text__content\">\n<p class=\"has-large-font-size\"> Eric Providence ZONGO <\/p>\n\n\n\n<p><strong><u>Pr\u00e9sident de l&#8217;association<\/u><\/strong><\/p>\n\n\n\n<p> N\u00b0 mobile : (00226) 70 72 52 63 | 78 80 67 57 <\/p>\n\n\n\n<p>E-mail: eric.zongo@assambus-bf.org<\/p>\n\n\n\n<p><\/p>\n<\/div><\/div>\n\n\n\n<div class=\"wp-block-media-text alignwide\" style=\"grid-template-columns:26% auto\"><figure class=\"wp-block-media-text__media\"><img loading=\"lazy\" decoding=\"async\" width=\"143\" height=\"216\" src=\"http:\/\/www.assambus-bf.org\/wp-content\/uploads\/2020\/05\/OUEDRAOGO-SAMDPAWENDE.jpg\" alt=\"\" class=\"wp-image-782\"\/><\/figure><div class=\"wp-block-media-text__content\">\n<p class=\"has-large-font-size\"> Samdpawend\u00e9 OUEDRAOGO <\/p>\n\n\n\n<p><strong><u>Secr\u00e9taire G\u00e9n\u00e9ral<\/u>&nbsp;<\/strong><\/p>\n\n\n\n<p> N\u00b0 mobile :  (00226) 70 28 22 26 | 78 85 95 62<\/p>\n\n\n\n<p>E-mail: samdpawende@assambus-bf.org<\/p>\n<\/div><\/div>\n\n\n\n<div class=\"wp-block-media-text alignwide\" style=\"grid-template-columns:26% auto\"><figure class=\"wp-block-media-text__media\"><img loading=\"lazy\" decoding=\"async\" width=\"445\" height=\"568\" src=\"http:\/\/www.assambus-bf.org\/wp-content\/uploads\/2020\/05\/Karl-Goran.jpg\" alt=\"\" class=\"wp-image-791\" srcset=\"https:\/\/www.assambus-bf.org\/wp-content\/uploads\/2020\/05\/Karl-Goran.jpg 445w, https:\/\/www.assambus-bf.org\/wp-content\/uploads\/2020\/05\/Karl-Goran-235x300.jpg 235w\" sizes=\"auto, (max-width: 445px) 100vw, 445px\" \/><\/figure><div class=\"wp-block-media-text__content\">\n<p class=\"has-large-font-size\"> KARL G\u00d6RAN Bj\u00f6rkdahl <\/p>\n\n\n\n<p> N\u00b0 mobile : (00226) 70 20 38 46<\/p>\n\n\n\n<p><strong><u>Conseiller<\/u><\/strong><\/p>\n\n\n\n<p>E-mail: karl.goran@assambus-bf.org<\/p>\n<\/div><\/div>\n\n\n\n<div class=\"wp-block-media-text alignwide\" style=\"grid-template-columns:26% auto\"><figure class=\"wp-block-media-text__media\"><img loading=\"lazy\" decoding=\"async\" width=\"395\" height=\"527\" src=\"http:\/\/www.assambus-bf.org\/wp-content\/uploads\/2020\/05\/SOKOTODERRA-ADISSA.jpg\" alt=\"\" class=\"wp-image-787\" srcset=\"https:\/\/www.assambus-bf.org\/wp-content\/uploads\/2020\/05\/SOKOTODERRA-ADISSA.jpg 395w, https:\/\/www.assambus-bf.org\/wp-content\/uploads\/2020\/05\/SOKOTODERRA-ADISSA-225x300.jpg 225w\" sizes=\"auto, (max-width: 395px) 100vw, 395px\" \/><\/figure><div class=\"wp-block-media-text__content\">\n<p class=\"has-large-font-size\"> Adissa SOKOTO\/DERRA <\/p>\n\n\n\n<p><strong><u>Secr\u00e9taire \u00e0 l\u2019Information<\/u><\/strong><\/p>\n\n\n\n<p> N\u00b0 mobile : (00226) 71 04 78 98<\/p>\n\n\n\n<p>E-mail: adissa.sokoto@assambus-bf.org<\/p>\n<\/div><\/div>\n\n\n\n<div class=\"wp-block-media-text alignwide\" style=\"grid-template-columns:26% auto\"><figure class=\"wp-block-media-text__media\"><img loading=\"lazy\" decoding=\"async\" width=\"140\" height=\"160\" src=\"http:\/\/www.assambus-bf.org\/wp-content\/uploads\/2020\/05\/GNIMINOU-BEN-OLLE.jpg\" alt=\"\" class=\"wp-image-794\"\/><\/figure><div class=\"wp-block-media-text__content\">\n<p class=\"has-large-font-size\"> Ben oll\u00e9 Bernard GNIMINOU <\/p>\n\n\n\n<p><strong><u>Secr\u00e9taire Adjoint \u00e0 l\u2019Information<\/u><\/strong><\/p>\n\n\n\n<p> N\u00b0 mobile : (00226) 71 30 97 02<\/p>\n\n\n\n<p>E-mail: ben.gniminou@assambus-bf.org<\/p>\n<\/div><\/div>\n\n\n\n<div class=\"wp-block-media-text alignwide\" style=\"grid-template-columns:26% auto\"><figure class=\"wp-block-media-text__media\"><img loading=\"lazy\" decoding=\"async\" width=\"313\" height=\"381\" src=\"http:\/\/www.assambus-bf.org\/wp-content\/uploads\/2020\/05\/DERRA-TIDJANI.jpg\" alt=\"\" class=\"wp-image-796\" srcset=\"https:\/\/www.assambus-bf.org\/wp-content\/uploads\/2020\/05\/DERRA-TIDJANI.jpg 313w, https:\/\/www.assambus-bf.org\/wp-content\/uploads\/2020\/05\/DERRA-TIDJANI-246x300.jpg 246w\" sizes=\"auto, (max-width: 313px) 100vw, 313px\" \/><\/figure><div class=\"wp-block-media-text__content\">\n<p class=\"has-large-font-size\"> Tidiane Amadou DERRA <\/p>\n\n\n\n<p><strong><u>Tr\u00e9sorier<\/u><\/strong><\/p>\n\n\n\n<p>N\u00b0 mobile: (00226) 78 31 39 10<\/p>\n\n\n\n<p>E-mail: tidiane.derra@assambus-bf.org<\/p>\n<\/div><\/div>\n\n\n\n<div class=\"wp-block-media-text alignwide\" style=\"grid-template-columns:26% auto\"><figure class=\"wp-block-media-text__media\"><img loading=\"lazy\" decoding=\"async\" width=\"267\" height=\"348\" src=\"http:\/\/www.assambus-bf.org\/wp-content\/uploads\/2020\/05\/BONKOUNGOU-KOURITA-SOLANGE-Copie.jpg\" alt=\"\" class=\"wp-image-799\" srcset=\"https:\/\/www.assambus-bf.org\/wp-content\/uploads\/2020\/05\/BONKOUNGOU-KOURITA-SOLANGE-Copie.jpg 267w, https:\/\/www.assambus-bf.org\/wp-content\/uploads\/2020\/05\/BONKOUNGOU-KOURITA-SOLANGE-Copie-230x300.jpg 230w\" sizes=\"auto, (max-width: 267px) 100vw, 267px\" \/><\/figure><div class=\"wp-block-media-text__content\">\n<p class=\"has-large-font-size\"> Solange BONKOUNGOU <\/p>\n\n\n\n<p><strong><u>Tr\u00e9sori\u00e8re Adjointe<\/u><\/strong><\/p>\n\n\n\n<p>N\u00b0 mobile: (00226) 70 43 67 00<\/p>\n\n\n\n<p>E-mail: solange.bonkoungou@assambus-bf.org<\/p>\n<\/div><\/div>\n\n\n\n<div class=\"wp-block-media-text alignwide\" style=\"grid-template-columns:26% auto\"><figure class=\"wp-block-media-text__media\"><img loading=\"lazy\" decoding=\"async\" width=\"788\" height=\"960\" src=\"http:\/\/www.assambus-bf.org\/wp-content\/uploads\/2020\/05\/BILGO-ISMAELA.jpg\" alt=\"\" class=\"wp-image-801\" srcset=\"https:\/\/www.assambus-bf.org\/wp-content\/uploads\/2020\/05\/BILGO-ISMAELA.jpg 788w, https:\/\/www.assambus-bf.org\/wp-content\/uploads\/2020\/05\/BILGO-ISMAELA-246x300.jpg 246w, https:\/\/www.assambus-bf.org\/wp-content\/uploads\/2020\/05\/BILGO-ISMAELA-768x936.jpg 768w\" sizes=\"auto, (max-width: 788px) 100vw, 788px\" \/><\/figure><div class=\"wp-block-media-text__content\">\n<p class=\"has-large-font-size\"> Soumaila BILGO<\/p>\n\n\n\n<p> <strong><u>Secr\u00e9taire aux activit\u00e9s Socioculturelles et Scientifiques<\/u><\/strong><\/p>\n\n\n\n<p>N\u00b0 mobile: (00226) 78 25 17 39 | 73 09 22 55<\/p>\n\n\n\n<p>E-mail: soumaila.bilgo@assambus-bf.org<\/p>\n<\/div><\/div>\n\n\n\n<div class=\"wp-block-media-text alignwide\" style=\"grid-template-columns:26% auto\"><figure class=\"wp-block-media-text__media\"><img loading=\"lazy\" decoding=\"async\" width=\"619\" height=\"811\" src=\"http:\/\/www.assambus-bf.org\/wp-content\/uploads\/2020\/05\/SAVADOGO-ABDOUL-AZIZ.jpg\" alt=\"\" class=\"wp-image-803\" srcset=\"https:\/\/www.assambus-bf.org\/wp-content\/uploads\/2020\/05\/SAVADOGO-ABDOUL-AZIZ.jpg 619w, https:\/\/www.assambus-bf.org\/wp-content\/uploads\/2020\/05\/SAVADOGO-ABDOUL-AZIZ-229x300.jpg 229w\" sizes=\"auto, (max-width: 619px) 100vw, 619px\" \/><\/figure><div class=\"wp-block-media-text__content\">\n<p class=\"has-large-font-size\"> Abdou Aziz SAVADOGO <\/p>\n\n\n\n<p><strong><u>Secr\u00e9taire Adjoint aux activit\u00e9s Socioculturelles et Scientifiques<\/u><\/strong><\/p>\n\n\n\n<p>N\u00b0 mobile: (00226) 70 67 55 01<\/p>\n\n\n\n<p>E-mail: aziz.savadogo@assambus-bf.org<\/p>\n<\/div><\/div>\n","protected":false},"excerpt":{"rendered":"<p>Le Bureau Ex\u00e9cutif National de l&#8217;association Eric Providence ZONGO Pr\u00e9sident de l&#8217;association N\u00b0 mobile : (00226) 70 72 52 63 | 78 80 67 57 E-mail: eric.zongo@assambus-bf.org Samdpawend\u00e9 OUEDRAOGO Secr\u00e9taire G\u00e9n\u00e9ral&nbsp; N\u00b0 mobile : (00226) 70 28 22 26 | 78 85 95 62 E-mail: samdpawende@assambus-bf.org KARL G\u00d6RAN Bj\u00f6rkdahl N\u00b0 mobile : (00226) 70 20<\/p>\n","protected":false},"author":1,"featured_media":0,"parent":0,"menu_order":0,"comment_status":"closed","ping_status":"closed","template":"","meta":{"footnotes":""},"class_list":["post-217","page","type-page","status-publish","hentry"],"_links":{"self":[{"href":"https:\/\/www.assambus-bf.org\/index.php?rest_route=\/wp\/v2\/pages\/217","targetHints":{"allow":["GET"]}}],"collection":[{"href":"https:\/\/www.assambus-bf.org\/index.php?rest_route=\/wp\/v2\/pages"}],"about":[{"href":"https:\/\/www.assambus-bf.org\/index.php?rest_route=\/wp\/v2\/types\/page"}],"author":[{"embeddable":true,"href":"https:\/\/www.assambus-bf.org\/index.php?rest_route=\/wp\/v2\/users\/1"}],"replies":[{"embeddable":true,"href":"https:\/\/www.assambus-bf.org\/index.php?rest_route=%2Fwp%2Fv2%2Fcomments&post=217"}],"version-history":[{"count":48,"href":"https:\/\/www.assambus-bf.org\/index.php?rest_route=\/wp\/v2\/pages\/217\/revisions"}],"predecessor-version":[{"id":809,"href":"https:\/\/www.assambus-bf.org\/index.php?rest_route=\/wp\/v2\/pages\/217\/revisions\/809"}],"wp:attachment":[{"href":"https:\/\/www.assambus-bf.org\/index.php?rest_route=%2Fwp%2Fv2%2Fmedia&parent=217"}],"curies":[{"name":"wp","href":"https:\/\/api.w.org\/{rel}","templated":true}]}}